{"id":31488,"date":"2023-10-26T15:50:46","date_gmt":"2023-10-26T13:50:46","guid":{"rendered":"https:\/\/energysciencefortomorrow.ch\/ressources\/"},"modified":"2024-09-25T15:50:05","modified_gmt":"2024-09-25T13:50:05","slug":"ressources","status":"publish","type":"page","link":"https:\/\/energysciencefortomorrow.ch\/fr\/ressources\/","title":{"rendered":"Ressources"},"content":{"rendered":"\t\t<div data-elementor-type=\"wp-page\" data-elementor-id=\"31488\" class=\"elementor elementor-31488 elementor-29374\" data-elementor-post-type=\"page\">\n\t\t\t\t<div class=\"elementor-element elementor-element-1d4643c9 e-flex e-con-boxed e-con e-parent\" data-id=\"1d4643c9\" data-element_type=\"container\" data-e-type=\"container\" data-settings=\"{&quot;background_background&quot;:&quot;classic&quot;}\">\n\t\t\t\t\t<div class=\"e-con-inner\">\n\t\t<div class=\"elementor-element elementor-element-68799bb5 e-flex e-con-boxed e-con e-child\" data-id=\"68799bb5\" data-element_type=\"container\" data-e-type=\"container\">\n\t\t\t\t\t<div class=\"e-con-inner\">\n\t\t\t\t\t<\/div>\n\t\t\t\t<\/div>\n\t\t\t\t\t<\/div>\n\t\t\t\t<\/div>\n\t\t<div class=\"elementor-element elementor-element-de44f56 e-flex e-con-boxed e-con e-parent\" data-id=\"de44f56\" data-element_type=\"container\" data-e-type=\"container\">\n\t\t\t\t\t<div class=\"e-con-inner\">\n\t\t<div class=\"elementor-element elementor-element-e27270e e-flex e-con-boxed e-con e-child\" data-id=\"e27270e\" data-element_type=\"container\" data-e-type=\"container\">\n\t\t\t\t\t<div class=\"e-con-inner\">\n\t\t<a class=\"elementor-element elementor-element-d26031d e-flex e-con-boxed e-con e-child\" data-id=\"d26031d\" data-element_type=\"container\" data-e-type=\"container\" data-settings=\"{&quot;background_background&quot;:&quot;classic&quot;}\" href=\"https:\/\/www.bfe.admin.ch\/bfe\/en\/home\/swiss-federal-office-of-energy\/swiss-federal-office-of-energy.html\/\" target=\"_blank\">\n\t\t\t\t\t<div class=\"e-con-inner\">\n\t\t<div class=\"elementor-element elementor-element-e21f09a e-flex e-con-boxed e-con e-child\" data-id=\"e21f09a\" data-element_type=\"container\" data-e-type=\"container\">\n\t\t\t\t\t<div class=\"e-con-inner\">\n\t\t\t\t<div class=\"elementor-element elementor-element-09b2247 elementor-widget elementor-widget-heading\" data-id=\"09b2247\" data-element_type=\"widget\" data-e-type=\"widget\" data-widget_type=\"heading.default\">\n\t\t\t\t<div class=\"elementor-widget-container\">\n\t\t\t\t\t<h3 class=\"elementor-heading-title elementor-size-default\">Office f\u00e9d\u00e9ral de l'\u00e9nergie (OFEN)<\/h3>\t\t\t\t<\/div>\n\t\t\t\t<\/div>\n\t\t\t\t\t<\/div>\n\t\t\t\t<\/div>\n\t\t\t\t<div class=\"elementor-element elementor-element-974388f elementor-widget elementor-widget-text-editor\" data-id=\"974388f\" data-element_type=\"widget\" data-e-type=\"widget\" data-widget_type=\"text-editor.default\">\n\t\t\t\t<div class=\"elementor-widget-container\">\n\t\t\t\t\t\t\t\t\t<p>Le site officiel fournit des informations compl\u00e8tes, des publications et des rapports sur les politiques et strat\u00e9gies \u00e9nerg\u00e9tiques de la Suisse.<\/p>\n\t\t\t\t\t\t\t\t<\/div>\n\t\t\t\t<\/div>\n\t\t\t\t\t<\/div>\n\t\t\t\t<\/a>\n\t\t<a class=\"elementor-element elementor-element-6d58b3e e-flex e-con-boxed e-con e-child\" data-id=\"6d58b3e\" data-element_type=\"container\" data-e-type=\"container\" data-settings=\"{&quot;background_background&quot;:&quot;classic&quot;}\" href=\"https:\/\/www.uvek-gis.admin.ch\/BFE\/storymaps\/BarChartRace_EntwicklungEnergietraeger\/?lang=en\" target=\"_blank\">\n\t\t\t\t\t<div class=\"e-con-inner\">\n\t\t<div class=\"elementor-element elementor-element-aa4292a e-flex e-con-boxed e-con e-child\" data-id=\"aa4292a\" data-element_type=\"container\" data-e-type=\"container\">\n\t\t\t\t\t<div class=\"e-con-inner\">\n\t\t\t\t<div class=\"elementor-element elementor-element-db5c6c3 elementor-widget elementor-widget-heading\" data-id=\"db5c6c3\" data-element_type=\"widget\" data-e-type=\"widget\" data-widget_type=\"heading.default\">\n\t\t\t\t<div class=\"elementor-widget-container\">\n\t\t\t\t\t<h3 class=\"elementor-heading-title elementor-size-default\">Bar Chart Race - Classement des sources d'\u00e9nergie<\/h3>\t\t\t\t<\/div>\n\t\t\t\t<\/div>\n\t\t\t\t\t<\/div>\n\t\t\t\t<\/div>\n\t\t\t\t<div class=\"elementor-element elementor-element-ab26b9b elementor-widget elementor-widget-text-editor\" data-id=\"ab26b9b\" data-element_type=\"widget\" data-e-type=\"widget\" data-widget_type=\"text-editor.default\">\n\t\t\t\t<div class=\"elementor-widget-container\">\n\t\t\t\t\t\t\t\t\t<p>Office f\u00e9d\u00e9ral de l&rsquo;\u00e9nergie (OFEN) Bar Chart Race. Ce graphique montre l&rsquo;\u00e9volution du classement des sources d&rsquo;\u00e9nergie dans la consommation finale d&rsquo;\u00e9nergie de la Suisse pour la p\u00e9riode 1910-2050.<\/p>\n\t\t\t\t\t\t\t\t<\/div>\n\t\t\t\t<\/div>\n\t\t\t\t\t<\/div>\n\t\t\t\t<\/a>\n\t\t<a class=\"elementor-element elementor-element-e877cd3 e-flex e-con-boxed e-con e-child\" data-id=\"e877cd3\" data-element_type=\"container\" data-e-type=\"container\" data-settings=\"{&quot;background_background&quot;:&quot;classic&quot;}\" href=\"https:\/\/www.uvek.admin.ch\/uvek\/fr\/home.html\" target=\"_blank\">\n\t\t\t\t\t<div class=\"e-con-inner\">\n\t\t<div class=\"elementor-element elementor-element-5fd7b63 e-flex e-con-boxed e-con e-child\" data-id=\"5fd7b63\" data-element_type=\"container\" data-e-type=\"container\">\n\t\t\t\t\t<div class=\"e-con-inner\">\n\t\t\t\t<div class=\"elementor-element elementor-element-af4ca63 elementor-widget elementor-widget-heading\" data-id=\"af4ca63\" data-element_type=\"widget\" data-e-type=\"widget\" data-widget_type=\"heading.default\">\n\t\t\t\t<div class=\"elementor-widget-container\">\n\t\t\t\t\t<h3 class=\"elementor-heading-title elementor-size-default\">D\u00e9partement f\u00e9d\u00e9ral de l'environnement, des transports, de l'\u00e9nergie et de la communication (DETEC)<\/h3>\t\t\t\t<\/div>\n\t\t\t\t<\/div>\n\t\t\t\t\t<\/div>\n\t\t\t\t<\/div>\n\t\t\t\t<div class=\"elementor-element elementor-element-9ad802d elementor-widget elementor-widget-text-editor\" data-id=\"9ad802d\" data-element_type=\"widget\" data-e-type=\"widget\" data-widget_type=\"text-editor.default\">\n\t\t\t\t<div class=\"elementor-widget-container\">\n\t\t\t\t\t\t\t\t\t<p>Le DETEC supervise les politiques \u00e9nerg\u00e9tiques de la Suisse et son site web offre un aper\u00e7u de la strat\u00e9gie nationale de transition \u00e9nerg\u00e9tique.<\/p>\n\t\t\t\t\t\t\t\t<\/div>\n\t\t\t\t<\/div>\n\t\t\t\t\t<\/div>\n\t\t\t\t<\/a>\n\t\t<a class=\"elementor-element elementor-element-6b70799 e-flex e-con-boxed e-con e-child\" data-id=\"6b70799\" data-element_type=\"container\" data-e-type=\"container\" data-settings=\"{&quot;background_background&quot;:&quot;classic&quot;}\" href=\"https:\/\/www.bfe.admin.ch\/bfe\/en\/home\/policy\/energy-strategy-2050.html\/\" target=\"_blank\">\n\t\t\t\t\t<div class=\"e-con-inner\">\n\t\t<div class=\"elementor-element elementor-element-d2f5d8f e-flex e-con-boxed e-con e-child\" data-id=\"d2f5d8f\" data-element_type=\"container\" data-e-type=\"container\">\n\t\t\t\t\t<div class=\"e-con-inner\">\n\t\t\t\t<div class=\"elementor-element elementor-element-1690115 elementor-widget elementor-widget-heading\" data-id=\"1690115\" data-element_type=\"widget\" data-e-type=\"widget\" data-widget_type=\"heading.default\">\n\t\t\t\t<div class=\"elementor-widget-container\">\n\t\t\t\t\t<h3 class=\"elementor-heading-title elementor-size-default\">Strat\u00e9gie \u00e9nerg\u00e9tique suisse 2050<\/h3>\t\t\t\t<\/div>\n\t\t\t\t<\/div>\n\t\t\t\t\t<\/div>\n\t\t\t\t<\/div>\n\t\t\t\t<div class=\"elementor-element elementor-element-988af8b elementor-widget elementor-widget-text-editor\" data-id=\"988af8b\" data-element_type=\"widget\" data-e-type=\"widget\" data-widget_type=\"text-editor.default\">\n\t\t\t\t<div class=\"elementor-widget-container\">\n\t\t\t\t\t\t\t\t\t<p>Le document strat\u00e9gique officiel pr\u00e9sente les objectifs et les plans de la Suisse pour la transition vers un syst\u00e8me \u00e9nerg\u00e9tique durable.<\/p>\n\t\t\t\t\t\t\t\t<\/div>\n\t\t\t\t<\/div>\n\t\t\t\t\t<\/div>\n\t\t\t\t<\/a>\n\t\t\t\t\t<\/div>\n\t\t\t\t<\/div>\n\t\t<div class=\"elementor-element elementor-element-0853107 e-flex e-con-boxed e-con e-child\" data-id=\"0853107\" data-element_type=\"container\" data-e-type=\"container\">\n\t\t\t\t\t<div class=\"e-con-inner\">\n\t\t<a class=\"elementor-element elementor-element-941f92b e-flex e-con-boxed e-con e-child\" data-id=\"941f92b\" data-element_type=\"container\" data-e-type=\"container\" data-settings=\"{&quot;background_background&quot;:&quot;classic&quot;}\" href=\"https:\/\/www.bfe.admin.ch\/bfe\/en\/home.html\" target=\"_blank\">\n\t\t\t\t\t<div class=\"e-con-inner\">\n\t\t<div class=\"elementor-element elementor-element-d3b5ade e-flex e-con-boxed e-con e-child\" data-id=\"d3b5ade\" data-element_type=\"container\" data-e-type=\"container\">\n\t\t\t\t\t<div class=\"e-con-inner\">\n\t\t\t\t<div class=\"elementor-element elementor-element-d0ff172 elementor-widget elementor-widget-heading\" data-id=\"d0ff172\" data-element_type=\"widget\" data-e-type=\"widget\" data-widget_type=\"heading.default\">\n\t\t\t\t<div class=\"elementor-widget-container\">\n\t\t\t\t\t<h3 class=\"elementor-heading-title elementor-size-default\">SuisseEnergie<\/h3>\t\t\t\t<\/div>\n\t\t\t\t<\/div>\n\t\t\t\t\t<\/div>\n\t\t\t\t<\/div>\n\t\t\t\t<div class=\"elementor-element elementor-element-2d97385 elementor-widget elementor-widget-text-editor\" data-id=\"2d97385\" data-element_type=\"widget\" data-e-type=\"widget\" data-widget_type=\"text-editor.default\">\n\t\t\t\t<div class=\"elementor-widget-container\">\n\t\t\t\t\t\t\t\t\t<p>SuisseEnergie est une plateforme d&rsquo;information sur l&rsquo;efficacit\u00e9 \u00e9nerg\u00e9tique et la Strat\u00e9gie \u00e9nerg\u00e9tique suisse 2050.<\/p>\n\t\t\t\t\t\t\t\t<\/div>\n\t\t\t\t<\/div>\n\t\t\t\t\t<\/div>\n\t\t\t\t<\/a>\n\t\t<a class=\"elementor-element elementor-element-5efccd4 e-flex e-con-boxed e-con e-child\" data-id=\"5efccd4\" data-element_type=\"container\" data-e-type=\"container\" data-settings=\"{&quot;background_background&quot;:&quot;classic&quot;}\" href=\"https:\/\/www.iea.org\/\" target=\"_blank\">\n\t\t\t\t\t<div class=\"e-con-inner\">\n\t\t<div class=\"elementor-element elementor-element-211a24a e-flex e-con-boxed e-con e-child\" data-id=\"211a24a\" data-element_type=\"container\" data-e-type=\"container\">\n\t\t\t\t\t<div class=\"e-con-inner\">\n\t\t\t\t<div class=\"elementor-element elementor-element-6e98202 elementor-widget elementor-widget-heading\" data-id=\"6e98202\" data-element_type=\"widget\" data-e-type=\"widget\" data-widget_type=\"heading.default\">\n\t\t\t\t<div class=\"elementor-widget-container\">\n\t\t\t\t\t<h3 class=\"elementor-heading-title elementor-size-default\">AIE - Agence internationale de l'\u00e9nergie<\/h3>\t\t\t\t<\/div>\n\t\t\t\t<\/div>\n\t\t\t\t\t<\/div>\n\t\t\t\t<\/div>\n\t\t\t\t<div class=\"elementor-element elementor-element-65d36e5 elementor-widget elementor-widget-text-editor\" data-id=\"65d36e5\" data-element_type=\"widget\" data-e-type=\"widget\" data-widget_type=\"text-editor.default\">\n\t\t\t\t<div class=\"elementor-widget-container\">\n\t\t\t\t\t\t\t\t\t<p>L&rsquo;AIE collabore avec les gouvernements et l&rsquo;industrie pour fa\u00e7onner un avenir \u00e9nerg\u00e9tique s\u00fbr et durable pour tous.<\/p>\n\t\t\t\t\t\t\t\t<\/div>\n\t\t\t\t<\/div>\n\t\t\t\t\t<\/div>\n\t\t\t\t<\/a>\n\t\t<a class=\"elementor-element elementor-element-d4740e9 e-flex e-con-boxed e-con e-child\" data-id=\"d4740e9\" data-element_type=\"container\" data-e-type=\"container\" data-settings=\"{&quot;background_background&quot;:&quot;classic&quot;}\" href=\"https:\/\/www.carculator.psi.ch\/start\" target=\"_blank\">\n\t\t\t\t\t<div class=\"e-con-inner\">\n\t\t<div class=\"elementor-element elementor-element-e74d3e6 e-flex e-con-boxed e-con e-child\" data-id=\"e74d3e6\" data-element_type=\"container\" data-e-type=\"container\">\n\t\t\t\t\t<div class=\"e-con-inner\">\n\t\t\t\t<div class=\"elementor-element elementor-element-6953b8b elementor-widget elementor-widget-heading\" data-id=\"6953b8b\" data-element_type=\"widget\" data-e-type=\"widget\" data-widget_type=\"heading.default\">\n\t\t\t\t<div class=\"elementor-widget-container\">\n\t\t\t\t\t<h3 class=\"elementor-heading-title elementor-size-default\">Carculateur<\/h3>\t\t\t\t<\/div>\n\t\t\t\t<\/div>\n\t\t\t\t\t<\/div>\n\t\t\t\t<\/div>\n\t\t\t\t<div class=\"elementor-element elementor-element-15ad313 elementor-widget elementor-widget-text-editor\" data-id=\"15ad313\" data-element_type=\"widget\" data-e-type=\"widget\" data-widget_type=\"text-editor.default\">\n\t\t\t\t<div class=\"elementor-widget-container\">\n\t\t\t\t\t\t\t\t\t<p>Carculateur calcule les impacts environnementaux complets des voitures particuli\u00e8res pendant leur production, leur utilisation et leur \u00e9limination. Ces \u00e9valuations du cycle de vie peuvent \u00eatre r\u00e9alis\u00e9es pour les voitures actuelles et futures (jusqu&rsquo;en 2050).<\/p>\n\t\t\t\t\t\t\t\t<\/div>\n\t\t\t\t<\/div>\n\t\t\t\t\t<\/div>\n\t\t\t\t<\/a>\n\t\t<a class=\"elementor-element elementor-element-e14e7bc e-flex e-con-boxed e-con e-child\" data-id=\"e14e7bc\" data-element_type=\"container\" data-e-type=\"container\" data-settings=\"{&quot;background_background&quot;:&quot;classic&quot;}\" href=\"https:\/\/www.energyscope.ch\/en\/\" target=\"_blank\">\n\t\t\t\t\t<div class=\"e-con-inner\">\n\t\t<div class=\"elementor-element elementor-element-68b8be4 e-flex e-con-boxed e-con e-child\" data-id=\"68b8be4\" data-element_type=\"container\" data-e-type=\"container\">\n\t\t\t\t\t<div class=\"e-con-inner\">\n\t\t\t\t<div class=\"elementor-element elementor-element-5b8cc5a elementor-widget elementor-widget-heading\" data-id=\"5b8cc5a\" data-element_type=\"widget\" data-e-type=\"widget\" data-widget_type=\"heading.default\">\n\t\t\t\t<div class=\"elementor-widget-container\">\n\t\t\t\t\t<h3 class=\"elementor-heading-title elementor-size-default\">EnergyScope<\/h3>\t\t\t\t<\/div>\n\t\t\t\t<\/div>\n\t\t\t\t\t<\/div>\n\t\t\t\t<\/div>\n\t\t\t\t<div class=\"elementor-element elementor-element-df8667d elementor-widget elementor-widget-text-editor\" data-id=\"df8667d\" data-element_type=\"widget\" data-e-type=\"widget\" data-widget_type=\"text-editor.default\">\n\t\t\t\t<div class=\"elementor-widget-container\">\n\t\t\t\t\t\t\t\t\t<p>Un mod\u00e8le open-source pour la planification strat\u00e9gique des syst\u00e8mes \u00e9nerg\u00e9tiques urbains et r\u00e9gionaux. EnergyScope optimise la strat\u00e9gie d&rsquo;investissement et d&rsquo;exploitation d&rsquo;un syst\u00e8me \u00e9nerg\u00e9tique complet (\u00e9lectricit\u00e9, chauffage et mobilit\u00e9).<\/p>\n\t\t\t\t\t\t\t\t<\/div>\n\t\t\t\t<\/div>\n\t\t\t\t\t<\/div>\n\t\t\t\t<\/a>\n\t\t\t\t\t<\/div>\n\t\t\t\t<\/div>\n\t\t\t\t\t<\/div>\n\t\t\t\t<\/div>\n\t\t\t\t<\/div>\n\t\t","protected":false},"excerpt":{"rendered":"<p>Office f\u00e9d\u00e9ral de l&rsquo;\u00e9nergie (OFEN) Le site officiel fournit des informations compl\u00e8tes, des publications et des rapports sur les politiques et strat\u00e9gies \u00e9nerg\u00e9tiques de la Suisse. Bar Chart Race &#8211; Classement des sources d&rsquo;\u00e9nergie Office f\u00e9d\u00e9ral de l&rsquo;\u00e9nergie (OFEN) Bar Chart Race. Ce graphique montre l&rsquo;\u00e9volution du classement des sources d&rsquo;\u00e9nergie dans la consommation finale [&hellip;]<\/p>\n","protected":false},"author":1,"featured_media":0,"parent":0,"menu_order":0,"comment_status":"closed","ping_status":"closed","template":"","meta":{"_acf_changed":false,"footnotes":""},"class_list":["post-31488","page","type-page","status-publish","hentry"],"acf":[],"yoast_head":"<!-- This site is optimized with the Yoast SEO plugin v27.4 - https:\/\/yoast.com\/product\/yoast-seo-wordpress\/ -->\n<title>Ressources - ES4T<\/title>\n<meta name=\"robots\" content=\"index, follow, max-snippet:-1, max-image-preview:large, max-video-preview:-1\" \/>\n<link rel=\"canonical\" href=\"https:\/\/energysciencefortomorrow.ch\/fr\/ressources\/\" \/>\n<meta property=\"og:locale\" content=\"fr_FR\" \/>\n<meta property=\"og:type\" content=\"article\" \/>\n<meta property=\"og:title\" content=\"Ressources - ES4T\" \/>\n<meta property=\"og:description\" content=\"Office f\u00e9d\u00e9ral de l&rsquo;\u00e9nergie (OFEN) Le site officiel fournit des informations compl\u00e8tes, des publications et des rapports sur les politiques et strat\u00e9gies \u00e9nerg\u00e9tiques de la Suisse. Bar Chart Race &#8211; Classement des sources d&rsquo;\u00e9nergie Office f\u00e9d\u00e9ral de l&rsquo;\u00e9nergie (OFEN) Bar Chart Race. Ce graphique montre l&rsquo;\u00e9volution du classement des sources d&rsquo;\u00e9nergie dans la consommation finale [&hellip;]\" \/>\n<meta property=\"og:url\" content=\"https:\/\/energysciencefortomorrow.ch\/fr\/ressources\/\" \/>\n<meta property=\"og:site_name\" content=\"ES4T\" \/>\n<meta property=\"article:modified_time\" content=\"2024-09-25T13:50:05+00:00\" \/>\n<meta name=\"twitter:card\" content=\"summary_large_image\" \/>\n<meta name=\"twitter:site\" content=\"@energyscienceto\" \/>\n<meta name=\"twitter:label1\" content=\"Dur\u00e9e de lecture estim\u00e9e\" \/>\n\t<meta name=\"twitter:data1\" content=\"1 minute\" \/>\n<script type=\"application\/ld+json\" class=\"yoast-schema-graph\">{\"@context\":\"https:\\\/\\\/schema.org\",\"@graph\":[{\"@type\":\"WebPage\",\"@id\":\"https:\\\/\\\/energysciencefortomorrow.ch\\\/fr\\\/ressources\\\/\",\"url\":\"https:\\\/\\\/energysciencefortomorrow.ch\\\/fr\\\/ressources\\\/\",\"name\":\"Ressources - ES4T\",\"isPartOf\":{\"@id\":\"https:\\\/\\\/energysciencefortomorrow.ch\\\/fr\\\/#website\"},\"datePublished\":\"2023-10-26T13:50:46+00:00\",\"dateModified\":\"2024-09-25T13:50:05+00:00\",\"breadcrumb\":{\"@id\":\"https:\\\/\\\/energysciencefortomorrow.ch\\\/fr\\\/ressources\\\/#breadcrumb\"},\"inLanguage\":\"fr-FR\",\"potentialAction\":[{\"@type\":\"ReadAction\",\"target\":[\"https:\\\/\\\/energysciencefortomorrow.ch\\\/fr\\\/ressources\\\/\"]}]},{\"@type\":\"BreadcrumbList\",\"@id\":\"https:\\\/\\\/energysciencefortomorrow.ch\\\/fr\\\/ressources\\\/#breadcrumb\",\"itemListElement\":[{\"@type\":\"ListItem\",\"position\":1,\"name\":\"Home\",\"item\":\"https:\\\/\\\/energysciencefortomorrow.ch\\\/fr\\\/\"},{\"@type\":\"ListItem\",\"position\":2,\"name\":\"Ressources\"}]},{\"@type\":\"WebSite\",\"@id\":\"https:\\\/\\\/energysciencefortomorrow.ch\\\/fr\\\/#website\",\"url\":\"https:\\\/\\\/energysciencefortomorrow.ch\\\/fr\\\/\",\"name\":\"ES4T\",\"description\":\"\",\"publisher\":{\"@id\":\"https:\\\/\\\/energysciencefortomorrow.ch\\\/fr\\\/#organization\"},\"potentialAction\":[{\"@type\":\"SearchAction\",\"target\":{\"@type\":\"EntryPoint\",\"urlTemplate\":\"https:\\\/\\\/energysciencefortomorrow.ch\\\/fr\\\/?s={search_term_string}\"},\"query-input\":{\"@type\":\"PropertyValueSpecification\",\"valueRequired\":true,\"valueName\":\"search_term_string\"}}],\"inLanguage\":\"fr-FR\"},{\"@type\":\"Organization\",\"@id\":\"https:\\\/\\\/energysciencefortomorrow.ch\\\/fr\\\/#organization\",\"name\":\"ES4T\",\"url\":\"https:\\\/\\\/energysciencefortomorrow.ch\\\/fr\\\/\",\"logo\":{\"@type\":\"ImageObject\",\"inLanguage\":\"fr-FR\",\"@id\":\"https:\\\/\\\/energysciencefortomorrow.ch\\\/fr\\\/#\\\/schema\\\/logo\\\/image\\\/\",\"url\":\"https:\\\/\\\/energysciencefortomorrow.ch\\\/wp-content\\\/uploads\\\/2023\\\/10\\\/es4t-header-logo-01.png\",\"contentUrl\":\"https:\\\/\\\/energysciencefortomorrow.ch\\\/wp-content\\\/uploads\\\/2023\\\/10\\\/es4t-header-logo-01.png\",\"width\":303,\"height\":121,\"caption\":\"ES4T\"},\"image\":{\"@id\":\"https:\\\/\\\/energysciencefortomorrow.ch\\\/fr\\\/#\\\/schema\\\/logo\\\/image\\\/\"},\"sameAs\":[\"https:\\\/\\\/x.com\\\/energyscienceto\",\"https:\\\/\\\/www.instagram.com\\\/energysciencefortomorrow\\\/\",\"https:\\\/\\\/www.linkedin.com\\\/company\\\/energy-science-for-tomorrow\\\/\"]}]}<\/script>\n<!-- \/ Yoast SEO plugin. -->","yoast_head_json":{"title":"Ressources - ES4T","robots":{"index":"index","follow":"follow","max-snippet":"max-snippet:-1","max-image-preview":"max-image-preview:large","max-video-preview":"max-video-preview:-1"},"canonical":"https:\/\/energysciencefortomorrow.ch\/fr\/ressources\/","og_locale":"fr_FR","og_type":"article","og_title":"Ressources - ES4T","og_description":"Office f\u00e9d\u00e9ral de l&rsquo;\u00e9nergie (OFEN) Le site officiel fournit des informations compl\u00e8tes, des publications et des rapports sur les politiques et strat\u00e9gies \u00e9nerg\u00e9tiques de la Suisse. Bar Chart Race &#8211; Classement des sources d&rsquo;\u00e9nergie Office f\u00e9d\u00e9ral de l&rsquo;\u00e9nergie (OFEN) Bar Chart Race. Ce graphique montre l&rsquo;\u00e9volution du classement des sources d&rsquo;\u00e9nergie dans la consommation finale [&hellip;]","og_url":"https:\/\/energysciencefortomorrow.ch\/fr\/ressources\/","og_site_name":"ES4T","article_modified_time":"2024-09-25T13:50:05+00:00","twitter_card":"summary_large_image","twitter_site":"@energyscienceto","twitter_misc":{"Dur\u00e9e de lecture estim\u00e9e":"1 minute"},"schema":{"@context":"https:\/\/schema.org","@graph":[{"@type":"WebPage","@id":"https:\/\/energysciencefortomorrow.ch\/fr\/ressources\/","url":"https:\/\/energysciencefortomorrow.ch\/fr\/ressources\/","name":"Ressources - ES4T","isPartOf":{"@id":"https:\/\/energysciencefortomorrow.ch\/fr\/#website"},"datePublished":"2023-10-26T13:50:46+00:00","dateModified":"2024-09-25T13:50:05+00:00","breadcrumb":{"@id":"https:\/\/energysciencefortomorrow.ch\/fr\/ressources\/#breadcrumb"},"inLanguage":"fr-FR","potentialAction":[{"@type":"ReadAction","target":["https:\/\/energysciencefortomorrow.ch\/fr\/ressources\/"]}]},{"@type":"BreadcrumbList","@id":"https:\/\/energysciencefortomorrow.ch\/fr\/ressources\/#breadcrumb","itemListElement":[{"@type":"ListItem","position":1,"name":"Home","item":"https:\/\/energysciencefortomorrow.ch\/fr\/"},{"@type":"ListItem","position":2,"name":"Ressources"}]},{"@type":"WebSite","@id":"https:\/\/energysciencefortomorrow.ch\/fr\/#website","url":"https:\/\/energysciencefortomorrow.ch\/fr\/","name":"ES4T","description":"","publisher":{"@id":"https:\/\/energysciencefortomorrow.ch\/fr\/#organization"},"potentialAction":[{"@type":"SearchAction","target":{"@type":"EntryPoint","urlTemplate":"https:\/\/energysciencefortomorrow.ch\/fr\/?s={search_term_string}"},"query-input":{"@type":"PropertyValueSpecification","valueRequired":true,"valueName":"search_term_string"}}],"inLanguage":"fr-FR"},{"@type":"Organization","@id":"https:\/\/energysciencefortomorrow.ch\/fr\/#organization","name":"ES4T","url":"https:\/\/energysciencefortomorrow.ch\/fr\/","logo":{"@type":"ImageObject","inLanguage":"fr-FR","@id":"https:\/\/energysciencefortomorrow.ch\/fr\/#\/schema\/logo\/image\/","url":"https:\/\/energysciencefortomorrow.ch\/wp-content\/uploads\/2023\/10\/es4t-header-logo-01.png","contentUrl":"https:\/\/energysciencefortomorrow.ch\/wp-content\/uploads\/2023\/10\/es4t-header-logo-01.png","width":303,"height":121,"caption":"ES4T"},"image":{"@id":"https:\/\/energysciencefortomorrow.ch\/fr\/#\/schema\/logo\/image\/"},"sameAs":["https:\/\/x.com\/energyscienceto","https:\/\/www.instagram.com\/energysciencefortomorrow\/","https:\/\/www.linkedin.com\/company\/energy-science-for-tomorrow\/"]}]}},"_links":{"self":[{"href":"https:\/\/energysciencefortomorrow.ch\/fr\/wp-json\/wp\/v2\/pages\/31488","targetHints":{"allow":["GET"]}}],"collection":[{"href":"https:\/\/energysciencefortomorrow.ch\/fr\/wp-json\/wp\/v2\/pages"}],"about":[{"href":"https:\/\/energysciencefortomorrow.ch\/fr\/wp-json\/wp\/v2\/types\/page"}],"author":[{"embeddable":true,"href":"https:\/\/energysciencefortomorrow.ch\/fr\/wp-json\/wp\/v2\/users\/1"}],"replies":[{"embeddable":true,"href":"https:\/\/energysciencefortomorrow.ch\/fr\/wp-json\/wp\/v2\/comments?post=31488"}],"version-history":[{"count":6,"href":"https:\/\/energysciencefortomorrow.ch\/fr\/wp-json\/wp\/v2\/pages\/31488\/revisions"}],"predecessor-version":[{"id":32661,"href":"https:\/\/energysciencefortomorrow.ch\/fr\/wp-json\/wp\/v2\/pages\/31488\/revisions\/32661"}],"wp:attachment":[{"href":"https:\/\/energysciencefortomorrow.ch\/fr\/wp-json\/wp\/v2\/media?parent=31488"}],"curies":[{"name":"wp","href":"https:\/\/api.w.org\/{rel}","templated":true}]}}