{"id":31409,"date":"2023-10-23T11:19:57","date_gmt":"2023-10-23T09:19:57","guid":{"rendered":"https:\/\/energysciencefortomorrow.ch\/contactez-nous\/"},"modified":"2024-09-25T15:49:47","modified_gmt":"2024-09-25T13:49:47","slug":"contactez-nous","status":"publish","type":"page","link":"https:\/\/energysciencefortomorrow.ch\/fr\/contactez-nous\/","title":{"rendered":"Contactez-nous"},"content":{"rendered":"\t\t<div data-elementor-type=\"wp-page\" data-elementor-id=\"31409\" class=\"elementor elementor-31409 elementor-28865\" data-elementor-post-type=\"page\">\n\t\t\t\t<div class=\"elementor-element elementor-element-783b30fb e-flex e-con-boxed e-con e-parent\" data-id=\"783b30fb\" data-element_type=\"container\" data-e-type=\"container\" data-settings=\"{&quot;background_background&quot;:&quot;classic&quot;}\">\n\t\t\t\t\t<div class=\"e-con-inner\">\n\t\t<div class=\"elementor-element elementor-element-4bd1174a e-flex e-con-boxed e-con e-child\" data-id=\"4bd1174a\" data-element_type=\"container\" data-e-type=\"container\">\n\t\t\t\t\t<div class=\"e-con-inner\">\n\t\t\t\t\t<\/div>\n\t\t\t\t<\/div>\n\t\t\t\t\t<\/div>\n\t\t\t\t<\/div>\n\t\t<div class=\"elementor-element elementor-element-29a4cfa1 e-flex e-con-boxed e-con e-parent\" data-id=\"29a4cfa1\" data-element_type=\"container\" data-e-type=\"container\">\n\t\t\t\t\t<div class=\"e-con-inner\">\n\t\t<div class=\"elementor-element elementor-element-30008839 e-flex e-con-boxed e-con e-child\" data-id=\"30008839\" data-element_type=\"container\" data-e-type=\"container\">\n\t\t\t\t\t<div class=\"e-con-inner\">\n\t\t\t\t<div class=\"elementor-element elementor-element-52a66c6 elementor-widget elementor-widget-heading\" data-id=\"52a66c6\" data-element_type=\"widget\" data-e-type=\"widget\" data-widget_type=\"heading.default\">\n\t\t\t\t<div class=\"elementor-widget-container\">\n\t\t\t\t\t<h2 class=\"elementor-heading-title elementor-size-default\">Contactez-nous<\/h2>\t\t\t\t<\/div>\n\t\t\t\t<\/div>\n\t\t\t\t<div class=\"elementor-element elementor-element-8faf164 elementor-widget elementor-widget-text-editor\" data-id=\"8faf164\" data-element_type=\"widget\" data-e-type=\"widget\" data-widget_type=\"text-editor.default\">\n\t\t\t\t<div class=\"elementor-widget-container\">\n\t\t\t\t\t\t\t\t\t<p>N&rsquo;h\u00e9sitez pas \u00e0 nous contacter pour nous faire part de votre avis sur la transition \u00e9nerg\u00e9tique en Suisse ou pour toute question.<\/p>\n\t\t\t\t\t\t\t\t<\/div>\n\t\t\t\t<\/div>\n\t\t\t\t<div class=\"elementor-element elementor-element-f1917c6 elementor-button-align-center elementor-mobile-button-align-stretch elementor-widget elementor-widget-form\" data-id=\"f1917c6\" data-element_type=\"widget\" data-e-type=\"widget\" data-settings=\"{&quot;step_next_label&quot;:&quot;Suivant&quot;,&quot;step_previous_label&quot;:&quot;Pr\\u00e9c\\u00e9dent&quot;,&quot;step_type&quot;:&quot;number_text&quot;,&quot;step_icon_shape&quot;:&quot;circle&quot;}\" data-widget_type=\"form.default\">\n\t\t\t\t<div class=\"elementor-widget-container\">\n\t\t\t\t\t\t\t<form class=\"elementor-form\" method=\"post\" name=\"Nouveau formulaire\" aria-label=\"Nouveau formulaire\">\n\t\t\t<input type=\"hidden\" name=\"post_id\" value=\"31409\"\/>\n\t\t\t<input type=\"hidden\" name=\"form_id\" value=\"f1917c6\"\/>\n\t\t\t<input type=\"hidden\" name=\"referer_title\" value=\"Contactez-nous - ES4T\" \/>\n\n\t\t\t\t\t\t\t<input type=\"hidden\" name=\"queried_id\" value=\"31409\"\/>\n\t\t\t\n\t\t\t<div class=\"elementor-form-fields-wrapper elementor-labels-above\">\n\t\t\t\t\t\t\t\t<div class=\"elementor-field-type-text elementor-field-group elementor-column elementor-field-group-nom elementor-col-50\">\n\t\t\t\t\t\t\t\t\t\t\t\t\t<input size=\"1\" type=\"text\" name=\"form_fields[nom]\" id=\"form-field-nom\" class=\"elementor-field elementor-size-sm  elementor-field-textual\" placeholder=\"Votre nom\">\n\t\t\t\t\t\t\t\t\t\t\t<\/div>\n\t\t\t\t\t\t\t\t<div class=\"elementor-field-type-email elementor-field-group elementor-column elementor-field-group-email elementor-col-50 elementor-field-required elementor-mark-required\">\n\t\t\t\t\t\t\t\t\t\t\t\t\t<input size=\"1\" type=\"email\" name=\"form_fields[email]\" id=\"form-field-email\" class=\"elementor-field elementor-size-sm  elementor-field-textual\" placeholder=\"Votre adresse \u00e9lectronique\" required=\"required\">\n\t\t\t\t\t\t\t\t\t\t\t<\/div>\n\t\t\t\t\t\t\t\t<div class=\"elementor-field-type-text elementor-field-group elementor-column elementor-field-group-tel elementor-col-100\">\n\t\t\t\t\t\t\t\t\t\t\t\t\t<input size=\"1\" type=\"text\" name=\"form_fields[tel]\" id=\"form-field-tel\" class=\"elementor-field elementor-size-sm  elementor-field-textual\" placeholder=\"Sujet\">\n\t\t\t\t\t\t\t\t\t\t\t<\/div>\n\t\t\t\t\t\t\t\t<div class=\"elementor-field-type-textarea elementor-field-group elementor-column elementor-field-group-message elementor-col-100\">\n\t\t\t\t\t<textarea class=\"elementor-field-textual elementor-field  elementor-size-sm\" name=\"form_fields[message]\" id=\"form-field-message\" rows=\"4\" placeholder=\"Message\"><\/textarea>\t\t\t\t<\/div>\n\t\t\t\t\t\t\t\t<div class=\"elementor-field-type-acceptance elementor-field-group elementor-column elementor-field-group-field_0bb9e5c elementor-col-100 elementor-field-required elementor-mark-required\">\n\t\t\t\t\t\t\t<div class=\"elementor-field-subgroup\">\n\t\t\t<span class=\"elementor-field-option\">\n\t\t\t\t<input type=\"checkbox\" name=\"form_fields[field_0bb9e5c]\" id=\"form-field-field_0bb9e5c\" class=\"elementor-field elementor-size-sm  elementor-acceptance-field\" required=\"required\">\n\t\t\t\t<label for=\"form-field-field_0bb9e5c\">Je consens au traitement de mes donn\u00e9es<\/label>\t\t\t<\/span>\n\t\t<\/div>\n\t\t\t\t\t\t<\/div>\n\t\t\t\t\t\t\t\t<div class=\"elementor-field-type-html elementor-field-group elementor-column elementor-field-group-field_2c43754 elementor-col-100\">\n\t\t\t\t\t<a href=\"https:\/\/energysciencefortomorrow.ch\/fr\/?page_id=31513\" target=\"_blank\">S\u00e9curit\u00e9 et confidentialit\u00e9 de vos donn\u00e9es<\/a>\t\t\t\t<\/div>\n\t\t\t\t\t\t\t\t<div class=\"elementor-field-type-recaptcha_v3 elementor-field-group elementor-column elementor-field-group-field_ccf2ac8 elementor-col-100 recaptcha_v3-bottomright\">\n\t\t\t\t\t<div class=\"elementor-field\" id=\"form-field-field_ccf2ac8\"><div class=\"elementor-g-recaptcha\" data-sitekey=\"6LfN29spAAAAAMrFwHCgoYb4AnXeQ_sndBrMrMfz\" data-type=\"v3\" data-action=\"Form\" data-badge=\"bottomright\" data-size=\"invisible\"><\/div><\/div>\t\t\t\t<\/div>\n\t\t\t\t\t\t\t\t<div class=\"elementor-field-group elementor-column elementor-field-type-submit elementor-col-100 e-form__buttons\">\n\t\t\t\t\t<button class=\"elementor-button elementor-size-sm\" type=\"submit\">\n\t\t\t\t\t\t<span class=\"elementor-button-content-wrapper\">\n\t\t\t\t\t\t\t\t\t\t\t\t\t\t\t\t\t\t\t\t\t\t<span class=\"elementor-button-text\">Envoyer<\/span>\n\t\t\t\t\t\t\t\t\t\t\t\t\t<\/span>\n\t\t\t\t\t<\/button>\n\t\t\t\t<\/div>\n\t\t\t<\/div>\n\t\t<input\n                    class=\"apbct_special_field apbct_email_id__elementor_form\"\n                    name=\"apbct__email_id__elementor_form\"\n                    aria-label=\"apbct__label_id__elementor_form\"\n                    type=\"text\" size=\"30\" maxlength=\"200\" autocomplete=\"off\"\n                    value=\"\"\n                \/><\/form>\n\t\t\t\t\t\t<\/div>\n\t\t\t\t<\/div>\n\t\t\t\t\t<\/div>\n\t\t\t\t<\/div>\n\t\t\t\t\t<\/div>\n\t\t\t\t<\/div>\n\t\t\t\t<\/div>\n\t\t","protected":false},"excerpt":{"rendered":"<p>Contactez-nous N&rsquo;h\u00e9sitez pas \u00e0 nous contacter pour nous faire part de votre avis sur la transition \u00e9nerg\u00e9tique en Suisse ou pour toute question.<\/p>\n","protected":false},"author":1,"featured_media":0,"parent":0,"menu_order":0,"comment_status":"closed","ping_status":"closed","template":"","meta":{"_acf_changed":false,"footnotes":""},"class_list":["post-31409","page","type-page","status-publish","hentry"],"acf":[],"yoast_head":"<!-- This site is optimized with the Yoast SEO plugin v27.4 - https:\/\/yoast.com\/product\/yoast-seo-wordpress\/ -->\n<title>Contactez-nous - ES4T<\/title>\n<meta name=\"robots\" content=\"index, follow, max-snippet:-1, max-image-preview:large, max-video-preview:-1\" \/>\n<link rel=\"canonical\" href=\"https:\/\/energysciencefortomorrow.ch\/fr\/contactez-nous\/\" \/>\n<meta property=\"og:locale\" content=\"fr_FR\" \/>\n<meta property=\"og:type\" content=\"article\" \/>\n<meta property=\"og:title\" content=\"Contactez-nous - ES4T\" \/>\n<meta property=\"og:description\" content=\"Contactez-nous N&rsquo;h\u00e9sitez pas \u00e0 nous contacter pour nous faire part de votre avis sur la transition \u00e9nerg\u00e9tique en Suisse ou pour toute question.\" \/>\n<meta property=\"og:url\" content=\"https:\/\/energysciencefortomorrow.ch\/fr\/contactez-nous\/\" \/>\n<meta property=\"og:site_name\" content=\"ES4T\" \/>\n<meta property=\"article:modified_time\" content=\"2024-09-25T13:49:47+00:00\" \/>\n<meta name=\"twitter:card\" content=\"summary_large_image\" \/>\n<meta name=\"twitter:site\" content=\"@energyscienceto\" \/>\n<meta name=\"twitter:label1\" content=\"Dur\u00e9e de lecture estim\u00e9e\" \/>\n\t<meta name=\"twitter:data1\" content=\"1 minute\" \/>\n<script type=\"application\/ld+json\" class=\"yoast-schema-graph\">{\"@context\":\"https:\\\/\\\/schema.org\",\"@graph\":[{\"@type\":\"WebPage\",\"@id\":\"https:\\\/\\\/energysciencefortomorrow.ch\\\/fr\\\/contactez-nous\\\/\",\"url\":\"https:\\\/\\\/energysciencefortomorrow.ch\\\/fr\\\/contactez-nous\\\/\",\"name\":\"Contactez-nous - ES4T\",\"isPartOf\":{\"@id\":\"https:\\\/\\\/energysciencefortomorrow.ch\\\/fr\\\/#website\"},\"datePublished\":\"2023-10-23T09:19:57+00:00\",\"dateModified\":\"2024-09-25T13:49:47+00:00\",\"breadcrumb\":{\"@id\":\"https:\\\/\\\/energysciencefortomorrow.ch\\\/fr\\\/contactez-nous\\\/#breadcrumb\"},\"inLanguage\":\"fr-FR\",\"potentialAction\":[{\"@type\":\"ReadAction\",\"target\":[\"https:\\\/\\\/energysciencefortomorrow.ch\\\/fr\\\/contactez-nous\\\/\"]}]},{\"@type\":\"BreadcrumbList\",\"@id\":\"https:\\\/\\\/energysciencefortomorrow.ch\\\/fr\\\/contactez-nous\\\/#breadcrumb\",\"itemListElement\":[{\"@type\":\"ListItem\",\"position\":1,\"name\":\"Home\",\"item\":\"https:\\\/\\\/energysciencefortomorrow.ch\\\/fr\\\/\"},{\"@type\":\"ListItem\",\"position\":2,\"name\":\"Contactez-nous\"}]},{\"@type\":\"WebSite\",\"@id\":\"https:\\\/\\\/energysciencefortomorrow.ch\\\/fr\\\/#website\",\"url\":\"https:\\\/\\\/energysciencefortomorrow.ch\\\/fr\\\/\",\"name\":\"ES4T\",\"description\":\"\",\"publisher\":{\"@id\":\"https:\\\/\\\/energysciencefortomorrow.ch\\\/fr\\\/#organization\"},\"potentialAction\":[{\"@type\":\"SearchAction\",\"target\":{\"@type\":\"EntryPoint\",\"urlTemplate\":\"https:\\\/\\\/energysciencefortomorrow.ch\\\/fr\\\/?s={search_term_string}\"},\"query-input\":{\"@type\":\"PropertyValueSpecification\",\"valueRequired\":true,\"valueName\":\"search_term_string\"}}],\"inLanguage\":\"fr-FR\"},{\"@type\":\"Organization\",\"@id\":\"https:\\\/\\\/energysciencefortomorrow.ch\\\/fr\\\/#organization\",\"name\":\"ES4T\",\"url\":\"https:\\\/\\\/energysciencefortomorrow.ch\\\/fr\\\/\",\"logo\":{\"@type\":\"ImageObject\",\"inLanguage\":\"fr-FR\",\"@id\":\"https:\\\/\\\/energysciencefortomorrow.ch\\\/fr\\\/#\\\/schema\\\/logo\\\/image\\\/\",\"url\":\"https:\\\/\\\/energysciencefortomorrow.ch\\\/wp-content\\\/uploads\\\/2023\\\/10\\\/es4t-header-logo-01.png\",\"contentUrl\":\"https:\\\/\\\/energysciencefortomorrow.ch\\\/wp-content\\\/uploads\\\/2023\\\/10\\\/es4t-header-logo-01.png\",\"width\":303,\"height\":121,\"caption\":\"ES4T\"},\"image\":{\"@id\":\"https:\\\/\\\/energysciencefortomorrow.ch\\\/fr\\\/#\\\/schema\\\/logo\\\/image\\\/\"},\"sameAs\":[\"https:\\\/\\\/x.com\\\/energyscienceto\",\"https:\\\/\\\/www.instagram.com\\\/energysciencefortomorrow\\\/\",\"https:\\\/\\\/www.linkedin.com\\\/company\\\/energy-science-for-tomorrow\\\/\"]}]}<\/script>\n<!-- \/ Yoast SEO plugin. -->","yoast_head_json":{"title":"Contactez-nous - ES4T","robots":{"index":"index","follow":"follow","max-snippet":"max-snippet:-1","max-image-preview":"max-image-preview:large","max-video-preview":"max-video-preview:-1"},"canonical":"https:\/\/energysciencefortomorrow.ch\/fr\/contactez-nous\/","og_locale":"fr_FR","og_type":"article","og_title":"Contactez-nous - ES4T","og_description":"Contactez-nous N&rsquo;h\u00e9sitez pas \u00e0 nous contacter pour nous faire part de votre avis sur la transition \u00e9nerg\u00e9tique en Suisse ou pour toute question.","og_url":"https:\/\/energysciencefortomorrow.ch\/fr\/contactez-nous\/","og_site_name":"ES4T","article_modified_time":"2024-09-25T13:49:47+00:00","twitter_card":"summary_large_image","twitter_site":"@energyscienceto","twitter_misc":{"Dur\u00e9e de lecture estim\u00e9e":"1 minute"},"schema":{"@context":"https:\/\/schema.org","@graph":[{"@type":"WebPage","@id":"https:\/\/energysciencefortomorrow.ch\/fr\/contactez-nous\/","url":"https:\/\/energysciencefortomorrow.ch\/fr\/contactez-nous\/","name":"Contactez-nous - ES4T","isPartOf":{"@id":"https:\/\/energysciencefortomorrow.ch\/fr\/#website"},"datePublished":"2023-10-23T09:19:57+00:00","dateModified":"2024-09-25T13:49:47+00:00","breadcrumb":{"@id":"https:\/\/energysciencefortomorrow.ch\/fr\/contactez-nous\/#breadcrumb"},"inLanguage":"fr-FR","potentialAction":[{"@type":"ReadAction","target":["https:\/\/energysciencefortomorrow.ch\/fr\/contactez-nous\/"]}]},{"@type":"BreadcrumbList","@id":"https:\/\/energysciencefortomorrow.ch\/fr\/contactez-nous\/#breadcrumb","itemListElement":[{"@type":"ListItem","position":1,"name":"Home","item":"https:\/\/energysciencefortomorrow.ch\/fr\/"},{"@type":"ListItem","position":2,"name":"Contactez-nous"}]},{"@type":"WebSite","@id":"https:\/\/energysciencefortomorrow.ch\/fr\/#website","url":"https:\/\/energysciencefortomorrow.ch\/fr\/","name":"ES4T","description":"","publisher":{"@id":"https:\/\/energysciencefortomorrow.ch\/fr\/#organization"},"potentialAction":[{"@type":"SearchAction","target":{"@type":"EntryPoint","urlTemplate":"https:\/\/energysciencefortomorrow.ch\/fr\/?s={search_term_string}"},"query-input":{"@type":"PropertyValueSpecification","valueRequired":true,"valueName":"search_term_string"}}],"inLanguage":"fr-FR"},{"@type":"Organization","@id":"https:\/\/energysciencefortomorrow.ch\/fr\/#organization","name":"ES4T","url":"https:\/\/energysciencefortomorrow.ch\/fr\/","logo":{"@type":"ImageObject","inLanguage":"fr-FR","@id":"https:\/\/energysciencefortomorrow.ch\/fr\/#\/schema\/logo\/image\/","url":"https:\/\/energysciencefortomorrow.ch\/wp-content\/uploads\/2023\/10\/es4t-header-logo-01.png","contentUrl":"https:\/\/energysciencefortomorrow.ch\/wp-content\/uploads\/2023\/10\/es4t-header-logo-01.png","width":303,"height":121,"caption":"ES4T"},"image":{"@id":"https:\/\/energysciencefortomorrow.ch\/fr\/#\/schema\/logo\/image\/"},"sameAs":["https:\/\/x.com\/energyscienceto","https:\/\/www.instagram.com\/energysciencefortomorrow\/","https:\/\/www.linkedin.com\/company\/energy-science-for-tomorrow\/"]}]}},"_links":{"self":[{"href":"https:\/\/energysciencefortomorrow.ch\/fr\/wp-json\/wp\/v2\/pages\/31409","targetHints":{"allow":["GET"]}}],"collection":[{"href":"https:\/\/energysciencefortomorrow.ch\/fr\/wp-json\/wp\/v2\/pages"}],"about":[{"href":"https:\/\/energysciencefortomorrow.ch\/fr\/wp-json\/wp\/v2\/types\/page"}],"author":[{"embeddable":true,"href":"https:\/\/energysciencefortomorrow.ch\/fr\/wp-json\/wp\/v2\/users\/1"}],"replies":[{"embeddable":true,"href":"https:\/\/energysciencefortomorrow.ch\/fr\/wp-json\/wp\/v2\/comments?post=31409"}],"version-history":[{"count":4,"href":"https:\/\/energysciencefortomorrow.ch\/fr\/wp-json\/wp\/v2\/pages\/31409\/revisions"}],"predecessor-version":[{"id":32378,"href":"https:\/\/energysciencefortomorrow.ch\/fr\/wp-json\/wp\/v2\/pages\/31409\/revisions\/32378"}],"wp:attachment":[{"href":"https:\/\/energysciencefortomorrow.ch\/fr\/wp-json\/wp\/v2\/media?parent=31409"}],"curies":[{"name":"wp","href":"https:\/\/api.w.org\/{rel}","templated":true}]}}