{"id":31502,"date":"2023-10-26T15:50:46","date_gmt":"2023-10-26T13:50:46","guid":{"rendered":"https:\/\/energysciencefortomorrow.ch\/ressourcen\/"},"modified":"2024-09-25T15:54:39","modified_gmt":"2024-09-25T13:54:39","slug":"ressourcen","status":"publish","type":"page","link":"https:\/\/energysciencefortomorrow.ch\/de\/ressourcen\/","title":{"rendered":"Ressourcen"},"content":{"rendered":"\t\t<div data-elementor-type=\"wp-page\" data-elementor-id=\"31502\" class=\"elementor elementor-31502 elementor-29374\" data-elementor-post-type=\"page\">\n\t\t\t\t<div class=\"elementor-element elementor-element-1d4643c9 e-flex e-con-boxed e-con e-parent\" data-id=\"1d4643c9\" data-element_type=\"container\" data-e-type=\"container\" data-settings=\"{&quot;background_background&quot;:&quot;classic&quot;}\">\n\t\t\t\t\t<div class=\"e-con-inner\">\n\t\t<div class=\"elementor-element elementor-element-68799bb5 e-flex e-con-boxed e-con e-child\" data-id=\"68799bb5\" data-element_type=\"container\" data-e-type=\"container\">\n\t\t\t\t\t<div class=\"e-con-inner\">\n\t\t\t\t\t<\/div>\n\t\t\t\t<\/div>\n\t\t\t\t\t<\/div>\n\t\t\t\t<\/div>\n\t\t<div class=\"elementor-element elementor-element-de44f56 e-flex e-con-boxed e-con e-parent\" data-id=\"de44f56\" data-element_type=\"container\" data-e-type=\"container\">\n\t\t\t\t\t<div class=\"e-con-inner\">\n\t\t<div class=\"elementor-element elementor-element-e27270e e-flex e-con-boxed e-con e-child\" data-id=\"e27270e\" data-element_type=\"container\" data-e-type=\"container\">\n\t\t\t\t\t<div class=\"e-con-inner\">\n\t\t<a class=\"elementor-element elementor-element-d26031d e-flex e-con-boxed e-con e-child\" data-id=\"d26031d\" data-element_type=\"container\" data-e-type=\"container\" data-settings=\"{&quot;background_background&quot;:&quot;classic&quot;}\" href=\"https:\/\/www.bfe.admin.ch\/bfe\/en\/home\/swiss-federal-office-of-energy\/swiss-federal-office-of-energy.html\/\" target=\"_blank\">\n\t\t\t\t\t<div class=\"e-con-inner\">\n\t\t<div class=\"elementor-element elementor-element-e21f09a e-flex e-con-boxed e-con e-child\" data-id=\"e21f09a\" data-element_type=\"container\" data-e-type=\"container\">\n\t\t\t\t\t<div class=\"e-con-inner\">\n\t\t\t\t<div class=\"elementor-element elementor-element-09b2247 elementor-widget elementor-widget-heading\" data-id=\"09b2247\" data-element_type=\"widget\" data-e-type=\"widget\" data-widget_type=\"heading.default\">\n\t\t\t\t<div class=\"elementor-widget-container\">\n\t\t\t\t\t<h3 class=\"elementor-heading-title elementor-size-default\">Schweizerisches Bundesamt f\u00fcr Energie (BFE)<\/h3>\t\t\t\t<\/div>\n\t\t\t\t<\/div>\n\t\t\t\t\t<\/div>\n\t\t\t\t<\/div>\n\t\t\t\t<div class=\"elementor-element elementor-element-974388f elementor-widget elementor-widget-text-editor\" data-id=\"974388f\" data-element_type=\"widget\" data-e-type=\"widget\" data-widget_type=\"text-editor.default\">\n\t\t\t\t<div class=\"elementor-widget-container\">\n\t\t\t\t\t\t\t\t\t<p>Die offizielle Website bietet umfassende Informationen, Publikationen und Berichte \u00fcber die Energiepolitik und -strategien der Schweiz.<\/p>\n\t\t\t\t\t\t\t\t<\/div>\n\t\t\t\t<\/div>\n\t\t\t\t\t<\/div>\n\t\t\t\t<\/a>\n\t\t<a class=\"elementor-element elementor-element-6d58b3e e-flex e-con-boxed e-con e-child\" data-id=\"6d58b3e\" data-element_type=\"container\" data-e-type=\"container\" data-settings=\"{&quot;background_background&quot;:&quot;classic&quot;}\" href=\"https:\/\/www.uvek-gis.admin.ch\/BFE\/storymaps\/BarChartRace_EntwicklungEnergietraeger\/?lang=en\" target=\"_blank\">\n\t\t\t\t\t<div class=\"e-con-inner\">\n\t\t<div class=\"elementor-element elementor-element-aa4292a e-flex e-con-boxed e-con e-child\" data-id=\"aa4292a\" data-element_type=\"container\" data-e-type=\"container\">\n\t\t\t\t\t<div class=\"e-con-inner\">\n\t\t\t\t<div class=\"elementor-element elementor-element-db5c6c3 elementor-widget elementor-widget-heading\" data-id=\"db5c6c3\" data-element_type=\"widget\" data-e-type=\"widget\" data-widget_type=\"heading.default\">\n\t\t\t\t<div class=\"elementor-widget-container\">\n\t\t\t\t\t<h3 class=\"elementor-heading-title elementor-size-default\">Bar Chart Race - Entwicklung der Energietr\u00e4ger<\/h3>\t\t\t\t<\/div>\n\t\t\t\t<\/div>\n\t\t\t\t\t<\/div>\n\t\t\t\t<\/div>\n\t\t\t\t<div class=\"elementor-element elementor-element-ab26b9b elementor-widget elementor-widget-text-editor\" data-id=\"ab26b9b\" data-element_type=\"widget\" data-e-type=\"widget\" data-widget_type=\"text-editor.default\">\n\t\t\t\t<div class=\"elementor-widget-container\">\n\t\t\t\t\t\t\t\t\t<p>Schweizer Bundesamt f\u00fcr Energie (BFE) Bar Chart Race. Dieses Ranking zeigt die Ver\u00e4nderung der Rangfolge der Energietr\u00e4ger beim Endenergieverbrauch der Schweiz f\u00fcr den Zeitraum von 1910 bis 2050.<\/p>\n\t\t\t\t\t\t\t\t<\/div>\n\t\t\t\t<\/div>\n\t\t\t\t\t<\/div>\n\t\t\t\t<\/a>\n\t\t<a class=\"elementor-element elementor-element-e877cd3 e-flex e-con-boxed e-con e-child\" data-id=\"e877cd3\" data-element_type=\"container\" data-e-type=\"container\" data-settings=\"{&quot;background_background&quot;:&quot;classic&quot;}\" href=\"https:\/\/www.uvek.admin.ch\/uvek\/fr\/home.html\" target=\"_blank\">\n\t\t\t\t\t<div class=\"e-con-inner\">\n\t\t<div class=\"elementor-element elementor-element-5fd7b63 e-flex e-con-boxed e-con e-child\" data-id=\"5fd7b63\" data-element_type=\"container\" data-e-type=\"container\">\n\t\t\t\t\t<div class=\"e-con-inner\">\n\t\t\t\t<div class=\"elementor-element elementor-element-af4ca63 elementor-widget elementor-widget-heading\" data-id=\"af4ca63\" data-element_type=\"widget\" data-e-type=\"widget\" data-widget_type=\"heading.default\">\n\t\t\t\t<div class=\"elementor-widget-container\">\n\t\t\t\t\t<h3 class=\"elementor-heading-title elementor-size-default\">Eidgen\u00f6ssisches Departement f\u00fcr Umwelt, Verkehr, Energie und Kommunikation (UVEK)<\/h3>\t\t\t\t<\/div>\n\t\t\t\t<\/div>\n\t\t\t\t\t<\/div>\n\t\t\t\t<\/div>\n\t\t\t\t<div class=\"elementor-element elementor-element-9ad802d elementor-widget elementor-widget-text-editor\" data-id=\"9ad802d\" data-element_type=\"widget\" data-e-type=\"widget\" data-widget_type=\"text-editor.default\">\n\t\t\t\t<div class=\"elementor-widget-container\">\n\t\t\t\t\t\t\t\t\t<p>Das UVEK beaufsichtigt die Energiepolitik der Schweiz. Die Website des UVEK bietet Einblicke in die nationale Strategie f\u00fcr die Energiewende.<\/p>\n\t\t\t\t\t\t\t\t<\/div>\n\t\t\t\t<\/div>\n\t\t\t\t\t<\/div>\n\t\t\t\t<\/a>\n\t\t<a class=\"elementor-element elementor-element-6b70799 e-flex e-con-boxed e-con e-child\" data-id=\"6b70799\" data-element_type=\"container\" data-e-type=\"container\" data-settings=\"{&quot;background_background&quot;:&quot;classic&quot;}\" href=\"https:\/\/www.bfe.admin.ch\/bfe\/en\/home\/policy\/energy-strategy-2050.html\/\" target=\"_blank\">\n\t\t\t\t\t<div class=\"e-con-inner\">\n\t\t<div class=\"elementor-element elementor-element-d2f5d8f e-flex e-con-boxed e-con e-child\" data-id=\"d2f5d8f\" data-element_type=\"container\" data-e-type=\"container\">\n\t\t\t\t\t<div class=\"e-con-inner\">\n\t\t\t\t<div class=\"elementor-element elementor-element-1690115 elementor-widget elementor-widget-heading\" data-id=\"1690115\" data-element_type=\"widget\" data-e-type=\"widget\" data-widget_type=\"heading.default\">\n\t\t\t\t<div class=\"elementor-widget-container\">\n\t\t\t\t\t<h3 class=\"elementor-heading-title elementor-size-default\">Schweizer Energiestrategie 2050<\/h3>\t\t\t\t<\/div>\n\t\t\t\t<\/div>\n\t\t\t\t\t<\/div>\n\t\t\t\t<\/div>\n\t\t\t\t<div class=\"elementor-element elementor-element-988af8b elementor-widget elementor-widget-text-editor\" data-id=\"988af8b\" data-element_type=\"widget\" data-e-type=\"widget\" data-widget_type=\"text-editor.default\">\n\t\t\t\t<div class=\"elementor-widget-container\">\n\t\t\t\t\t\t\t\t\t<p>Das offizielle Strategiedokument umreisst die Ziele und Pl\u00e4ne der Schweiz f\u00fcr den \u00dcbergang zu einem nachhaltigen Energiesystem.<\/p>\n\t\t\t\t\t\t\t\t<\/div>\n\t\t\t\t<\/div>\n\t\t\t\t\t<\/div>\n\t\t\t\t<\/a>\n\t\t\t\t\t<\/div>\n\t\t\t\t<\/div>\n\t\t<div class=\"elementor-element elementor-element-0853107 e-flex e-con-boxed e-con e-child\" data-id=\"0853107\" data-element_type=\"container\" data-e-type=\"container\">\n\t\t\t\t\t<div class=\"e-con-inner\">\n\t\t<a class=\"elementor-element elementor-element-941f92b e-flex e-con-boxed e-con e-child\" data-id=\"941f92b\" data-element_type=\"container\" data-e-type=\"container\" data-settings=\"{&quot;background_background&quot;:&quot;classic&quot;}\" href=\"https:\/\/www.bfe.admin.ch\/bfe\/en\/home.html\" target=\"_blank\">\n\t\t\t\t\t<div class=\"e-con-inner\">\n\t\t<div class=\"elementor-element elementor-element-d3b5ade e-flex e-con-boxed e-con e-child\" data-id=\"d3b5ade\" data-element_type=\"container\" data-e-type=\"container\">\n\t\t\t\t\t<div class=\"e-con-inner\">\n\t\t\t\t<div class=\"elementor-element elementor-element-d0ff172 elementor-widget elementor-widget-heading\" data-id=\"d0ff172\" data-element_type=\"widget\" data-e-type=\"widget\" data-widget_type=\"heading.default\">\n\t\t\t\t<div class=\"elementor-widget-container\">\n\t\t\t\t\t<h3 class=\"elementor-heading-title elementor-size-default\">EnergieSchweiz<\/h3>\t\t\t\t<\/div>\n\t\t\t\t<\/div>\n\t\t\t\t\t<\/div>\n\t\t\t\t<\/div>\n\t\t\t\t<div class=\"elementor-element elementor-element-2d97385 elementor-widget elementor-widget-text-editor\" data-id=\"2d97385\" data-element_type=\"widget\" data-e-type=\"widget\" data-widget_type=\"text-editor.default\">\n\t\t\t\t<div class=\"elementor-widget-container\">\n\t\t\t\t\t\t\t\t\t<p>EnergieSchweiz ist eine Plattform, die Informationen \u00fcber Energieeffizienz und die Schweizer Energiestrategie 2050 bietet.<\/p>\n\t\t\t\t\t\t\t\t<\/div>\n\t\t\t\t<\/div>\n\t\t\t\t\t<\/div>\n\t\t\t\t<\/a>\n\t\t<a class=\"elementor-element elementor-element-5efccd4 e-flex e-con-boxed e-con e-child\" data-id=\"5efccd4\" data-element_type=\"container\" data-e-type=\"container\" data-settings=\"{&quot;background_background&quot;:&quot;classic&quot;}\" href=\"https:\/\/www.iea.org\/\" target=\"_blank\">\n\t\t\t\t\t<div class=\"e-con-inner\">\n\t\t<div class=\"elementor-element elementor-element-211a24a e-flex e-con-boxed e-con e-child\" data-id=\"211a24a\" data-element_type=\"container\" data-e-type=\"container\">\n\t\t\t\t\t<div class=\"e-con-inner\">\n\t\t\t\t<div class=\"elementor-element elementor-element-6e98202 elementor-widget elementor-widget-heading\" data-id=\"6e98202\" data-element_type=\"widget\" data-e-type=\"widget\" data-widget_type=\"heading.default\">\n\t\t\t\t<div class=\"elementor-widget-container\">\n\t\t\t\t\t<h3 class=\"elementor-heading-title elementor-size-default\">IEA - Internationale Energieagentur<\/h3>\t\t\t\t<\/div>\n\t\t\t\t<\/div>\n\t\t\t\t\t<\/div>\n\t\t\t\t<\/div>\n\t\t\t\t<div class=\"elementor-element elementor-element-65d36e5 elementor-widget elementor-widget-text-editor\" data-id=\"65d36e5\" data-element_type=\"widget\" data-e-type=\"widget\" data-widget_type=\"text-editor.default\">\n\t\t\t\t<div class=\"elementor-widget-container\">\n\t\t\t\t\t\t\t\t\t<p>Die IEA arbeitet mit Regierungen und der Industrie zusammen, um eine sichere und nachhaltige Energiezukunft f\u00fcr alle zu gestalten.<\/p>\n\t\t\t\t\t\t\t\t<\/div>\n\t\t\t\t<\/div>\n\t\t\t\t\t<\/div>\n\t\t\t\t<\/a>\n\t\t<a class=\"elementor-element elementor-element-d4740e9 e-flex e-con-boxed e-con e-child\" data-id=\"d4740e9\" data-element_type=\"container\" data-e-type=\"container\" data-settings=\"{&quot;background_background&quot;:&quot;classic&quot;}\" href=\"https:\/\/www.carculator.psi.ch\/start\" target=\"_blank\">\n\t\t\t\t\t<div class=\"e-con-inner\">\n\t\t<div class=\"elementor-element elementor-element-e74d3e6 e-flex e-con-boxed e-con e-child\" data-id=\"e74d3e6\" data-element_type=\"container\" data-e-type=\"container\">\n\t\t\t\t\t<div class=\"e-con-inner\">\n\t\t\t\t<div class=\"elementor-element elementor-element-6953b8b elementor-widget elementor-widget-heading\" data-id=\"6953b8b\" data-element_type=\"widget\" data-e-type=\"widget\" data-widget_type=\"heading.default\">\n\t\t\t\t<div class=\"elementor-widget-container\">\n\t\t\t\t\t<h3 class=\"elementor-heading-title elementor-size-default\">Carculator<\/h3>\t\t\t\t<\/div>\n\t\t\t\t<\/div>\n\t\t\t\t\t<\/div>\n\t\t\t\t<\/div>\n\t\t\t\t<div class=\"elementor-element elementor-element-15ad313 elementor-widget elementor-widget-text-editor\" data-id=\"15ad313\" data-element_type=\"widget\" data-e-type=\"widget\" data-widget_type=\"text-editor.default\">\n\t\t\t\t<div class=\"elementor-widget-container\">\n\t\t\t\t\t\t\t\t\t<p>Carculator berechnet die gesamten Umweltauswirkungen von PKW w\u00e4hrend der Produktion, des Betriebs und der Entsorgung. Diese \u00d6kobilanzen k\u00f6nnen f\u00fcr aktuelle und zuk\u00fcnftige Autos (bis zum Jahr 2050) durchgef\u00fchrt werden.<\/p>\n\t\t\t\t\t\t\t\t<\/div>\n\t\t\t\t<\/div>\n\t\t\t\t\t<\/div>\n\t\t\t\t<\/a>\n\t\t<a class=\"elementor-element elementor-element-e14e7bc e-flex e-con-boxed e-con e-child\" data-id=\"e14e7bc\" data-element_type=\"container\" data-e-type=\"container\" data-settings=\"{&quot;background_background&quot;:&quot;classic&quot;}\" href=\"https:\/\/www.energyscope.ch\/en\/\" target=\"_blank\">\n\t\t\t\t\t<div class=\"e-con-inner\">\n\t\t<div class=\"elementor-element elementor-element-68b8be4 e-flex e-con-boxed e-con e-child\" data-id=\"68b8be4\" data-element_type=\"container\" data-e-type=\"container\">\n\t\t\t\t\t<div class=\"e-con-inner\">\n\t\t\t\t<div class=\"elementor-element elementor-element-5b8cc5a elementor-widget elementor-widget-heading\" data-id=\"5b8cc5a\" data-element_type=\"widget\" data-e-type=\"widget\" data-widget_type=\"heading.default\">\n\t\t\t\t<div class=\"elementor-widget-container\">\n\t\t\t\t\t<h3 class=\"elementor-heading-title elementor-size-default\">EnergyScope<\/h3>\t\t\t\t<\/div>\n\t\t\t\t<\/div>\n\t\t\t\t\t<\/div>\n\t\t\t\t<\/div>\n\t\t\t\t<div class=\"elementor-element elementor-element-df8667d elementor-widget elementor-widget-text-editor\" data-id=\"df8667d\" data-element_type=\"widget\" data-e-type=\"widget\" data-widget_type=\"text-editor.default\">\n\t\t\t\t<div class=\"elementor-widget-container\">\n\t\t\t\t\t\t\t\t\t<p>Ein Open-Source-Modell f\u00fcr die strategische Energieplanung von st\u00e4dtischen und regionalen Energiesystemen. EnergyScope optimiert sowohl die Investitions- als auch die Betriebsstrategie eines gesamten Energiesystems (einschliesslich Strom, W\u00e4rme und Mobilit\u00e4t).<\/p>\n\t\t\t\t\t\t\t\t<\/div>\n\t\t\t\t<\/div>\n\t\t\t\t\t<\/div>\n\t\t\t\t<\/a>\n\t\t\t\t\t<\/div>\n\t\t\t\t<\/div>\n\t\t\t\t\t<\/div>\n\t\t\t\t<\/div>\n\t\t\t\t<\/div>\n\t\t","protected":false},"excerpt":{"rendered":"<p>Schweizerisches Bundesamt f\u00fcr Energie (BFE) Die offizielle Website bietet umfassende Informationen, Publikationen und Berichte \u00fcber die Energiepolitik und -strategien der Schweiz. Bar Chart Race &#8211; Entwicklung der Energietr\u00e4ger Schweizer Bundesamt f\u00fcr Energie (BFE) Bar Chart Race. Dieses Ranking zeigt die Ver\u00e4nderung der Rangfolge der Energietr\u00e4ger beim Endenergieverbrauch der Schweiz f\u00fcr den Zeitraum von 1910 bis [&hellip;]<\/p>\n","protected":false},"author":1,"featured_media":0,"parent":0,"menu_order":0,"comment_status":"closed","ping_status":"closed","template":"","meta":{"_acf_changed":false,"footnotes":""},"class_list":["post-31502","page","type-page","status-publish","hentry"],"acf":[],"yoast_head":"<!-- This site is optimized with the Yoast SEO plugin v27.4 - https:\/\/yoast.com\/product\/yoast-seo-wordpress\/ -->\n<title>Ressourcen - ES4T<\/title>\n<meta name=\"robots\" content=\"index, follow, max-snippet:-1, max-image-preview:large, max-video-preview:-1\" \/>\n<link rel=\"canonical\" href=\"https:\/\/energysciencefortomorrow.ch\/de\/ressourcen\/\" \/>\n<meta property=\"og:locale\" content=\"de_DE\" \/>\n<meta property=\"og:type\" content=\"article\" \/>\n<meta property=\"og:title\" content=\"Ressourcen - ES4T\" \/>\n<meta property=\"og:description\" content=\"Schweizerisches Bundesamt f\u00fcr Energie (BFE) Die offizielle Website bietet umfassende Informationen, Publikationen und Berichte \u00fcber die Energiepolitik und -strategien der Schweiz. Bar Chart Race &#8211; Entwicklung der Energietr\u00e4ger Schweizer Bundesamt f\u00fcr Energie (BFE) Bar Chart Race. Dieses Ranking zeigt die Ver\u00e4nderung der Rangfolge der Energietr\u00e4ger beim Endenergieverbrauch der Schweiz f\u00fcr den Zeitraum von 1910 bis [&hellip;]\" \/>\n<meta property=\"og:url\" content=\"https:\/\/energysciencefortomorrow.ch\/de\/ressourcen\/\" \/>\n<meta property=\"og:site_name\" content=\"ES4T\" \/>\n<meta property=\"article:modified_time\" content=\"2024-09-25T13:54:39+00:00\" \/>\n<meta name=\"twitter:card\" content=\"summary_large_image\" \/>\n<meta name=\"twitter:site\" content=\"@energyscienceto\" \/>\n<meta name=\"twitter:label1\" content=\"Gesch\u00e4tzte Lesezeit\" \/>\n\t<meta name=\"twitter:data1\" content=\"1\u00a0Minute\" \/>\n<script type=\"application\/ld+json\" class=\"yoast-schema-graph\">{\"@context\":\"https:\\\/\\\/schema.org\",\"@graph\":[{\"@type\":\"WebPage\",\"@id\":\"https:\\\/\\\/energysciencefortomorrow.ch\\\/de\\\/ressourcen\\\/\",\"url\":\"https:\\\/\\\/energysciencefortomorrow.ch\\\/de\\\/ressourcen\\\/\",\"name\":\"Ressourcen - ES4T\",\"isPartOf\":{\"@id\":\"https:\\\/\\\/energysciencefortomorrow.ch\\\/de\\\/#website\"},\"datePublished\":\"2023-10-26T13:50:46+00:00\",\"dateModified\":\"2024-09-25T13:54:39+00:00\",\"breadcrumb\":{\"@id\":\"https:\\\/\\\/energysciencefortomorrow.ch\\\/de\\\/ressourcen\\\/#breadcrumb\"},\"inLanguage\":\"de\",\"potentialAction\":[{\"@type\":\"ReadAction\",\"target\":[\"https:\\\/\\\/energysciencefortomorrow.ch\\\/de\\\/ressourcen\\\/\"]}]},{\"@type\":\"BreadcrumbList\",\"@id\":\"https:\\\/\\\/energysciencefortomorrow.ch\\\/de\\\/ressourcen\\\/#breadcrumb\",\"itemListElement\":[{\"@type\":\"ListItem\",\"position\":1,\"name\":\"Home\",\"item\":\"https:\\\/\\\/energysciencefortomorrow.ch\\\/de\\\/\"},{\"@type\":\"ListItem\",\"position\":2,\"name\":\"Ressourcen\"}]},{\"@type\":\"WebSite\",\"@id\":\"https:\\\/\\\/energysciencefortomorrow.ch\\\/de\\\/#website\",\"url\":\"https:\\\/\\\/energysciencefortomorrow.ch\\\/de\\\/\",\"name\":\"ES4T\",\"description\":\"\",\"publisher\":{\"@id\":\"https:\\\/\\\/energysciencefortomorrow.ch\\\/de\\\/#organization\"},\"potentialAction\":[{\"@type\":\"SearchAction\",\"target\":{\"@type\":\"EntryPoint\",\"urlTemplate\":\"https:\\\/\\\/energysciencefortomorrow.ch\\\/de\\\/?s={search_term_string}\"},\"query-input\":{\"@type\":\"PropertyValueSpecification\",\"valueRequired\":true,\"valueName\":\"search_term_string\"}}],\"inLanguage\":\"de\"},{\"@type\":\"Organization\",\"@id\":\"https:\\\/\\\/energysciencefortomorrow.ch\\\/de\\\/#organization\",\"name\":\"ES4T\",\"url\":\"https:\\\/\\\/energysciencefortomorrow.ch\\\/de\\\/\",\"logo\":{\"@type\":\"ImageObject\",\"inLanguage\":\"de\",\"@id\":\"https:\\\/\\\/energysciencefortomorrow.ch\\\/de\\\/#\\\/schema\\\/logo\\\/image\\\/\",\"url\":\"https:\\\/\\\/energysciencefortomorrow.ch\\\/wp-content\\\/uploads\\\/2023\\\/10\\\/es4t-header-logo-01.png\",\"contentUrl\":\"https:\\\/\\\/energysciencefortomorrow.ch\\\/wp-content\\\/uploads\\\/2023\\\/10\\\/es4t-header-logo-01.png\",\"width\":303,\"height\":121,\"caption\":\"ES4T\"},\"image\":{\"@id\":\"https:\\\/\\\/energysciencefortomorrow.ch\\\/de\\\/#\\\/schema\\\/logo\\\/image\\\/\"},\"sameAs\":[\"https:\\\/\\\/x.com\\\/energyscienceto\",\"https:\\\/\\\/www.instagram.com\\\/energysciencefortomorrow\\\/\",\"https:\\\/\\\/www.linkedin.com\\\/company\\\/energy-science-for-tomorrow\\\/\"]}]}<\/script>\n<!-- \/ Yoast SEO plugin. -->","yoast_head_json":{"title":"Ressourcen - ES4T","robots":{"index":"index","follow":"follow","max-snippet":"max-snippet:-1","max-image-preview":"max-image-preview:large","max-video-preview":"max-video-preview:-1"},"canonical":"https:\/\/energysciencefortomorrow.ch\/de\/ressourcen\/","og_locale":"de_DE","og_type":"article","og_title":"Ressourcen - ES4T","og_description":"Schweizerisches Bundesamt f\u00fcr Energie (BFE) Die offizielle Website bietet umfassende Informationen, Publikationen und Berichte \u00fcber die Energiepolitik und -strategien der Schweiz. Bar Chart Race &#8211; Entwicklung der Energietr\u00e4ger Schweizer Bundesamt f\u00fcr Energie (BFE) Bar Chart Race. Dieses Ranking zeigt die Ver\u00e4nderung der Rangfolge der Energietr\u00e4ger beim Endenergieverbrauch der Schweiz f\u00fcr den Zeitraum von 1910 bis [&hellip;]","og_url":"https:\/\/energysciencefortomorrow.ch\/de\/ressourcen\/","og_site_name":"ES4T","article_modified_time":"2024-09-25T13:54:39+00:00","twitter_card":"summary_large_image","twitter_site":"@energyscienceto","twitter_misc":{"Gesch\u00e4tzte Lesezeit":"1\u00a0Minute"},"schema":{"@context":"https:\/\/schema.org","@graph":[{"@type":"WebPage","@id":"https:\/\/energysciencefortomorrow.ch\/de\/ressourcen\/","url":"https:\/\/energysciencefortomorrow.ch\/de\/ressourcen\/","name":"Ressourcen - ES4T","isPartOf":{"@id":"https:\/\/energysciencefortomorrow.ch\/de\/#website"},"datePublished":"2023-10-26T13:50:46+00:00","dateModified":"2024-09-25T13:54:39+00:00","breadcrumb":{"@id":"https:\/\/energysciencefortomorrow.ch\/de\/ressourcen\/#breadcrumb"},"inLanguage":"de","potentialAction":[{"@type":"ReadAction","target":["https:\/\/energysciencefortomorrow.ch\/de\/ressourcen\/"]}]},{"@type":"BreadcrumbList","@id":"https:\/\/energysciencefortomorrow.ch\/de\/ressourcen\/#breadcrumb","itemListElement":[{"@type":"ListItem","position":1,"name":"Home","item":"https:\/\/energysciencefortomorrow.ch\/de\/"},{"@type":"ListItem","position":2,"name":"Ressourcen"}]},{"@type":"WebSite","@id":"https:\/\/energysciencefortomorrow.ch\/de\/#website","url":"https:\/\/energysciencefortomorrow.ch\/de\/","name":"ES4T","description":"","publisher":{"@id":"https:\/\/energysciencefortomorrow.ch\/de\/#organization"},"potentialAction":[{"@type":"SearchAction","target":{"@type":"EntryPoint","urlTemplate":"https:\/\/energysciencefortomorrow.ch\/de\/?s={search_term_string}"},"query-input":{"@type":"PropertyValueSpecification","valueRequired":true,"valueName":"search_term_string"}}],"inLanguage":"de"},{"@type":"Organization","@id":"https:\/\/energysciencefortomorrow.ch\/de\/#organization","name":"ES4T","url":"https:\/\/energysciencefortomorrow.ch\/de\/","logo":{"@type":"ImageObject","inLanguage":"de","@id":"https:\/\/energysciencefortomorrow.ch\/de\/#\/schema\/logo\/image\/","url":"https:\/\/energysciencefortomorrow.ch\/wp-content\/uploads\/2023\/10\/es4t-header-logo-01.png","contentUrl":"https:\/\/energysciencefortomorrow.ch\/wp-content\/uploads\/2023\/10\/es4t-header-logo-01.png","width":303,"height":121,"caption":"ES4T"},"image":{"@id":"https:\/\/energysciencefortomorrow.ch\/de\/#\/schema\/logo\/image\/"},"sameAs":["https:\/\/x.com\/energyscienceto","https:\/\/www.instagram.com\/energysciencefortomorrow\/","https:\/\/www.linkedin.com\/company\/energy-science-for-tomorrow\/"]}]}},"_links":{"self":[{"href":"https:\/\/energysciencefortomorrow.ch\/de\/wp-json\/wp\/v2\/pages\/31502","targetHints":{"allow":["GET"]}}],"collection":[{"href":"https:\/\/energysciencefortomorrow.ch\/de\/wp-json\/wp\/v2\/pages"}],"about":[{"href":"https:\/\/energysciencefortomorrow.ch\/de\/wp-json\/wp\/v2\/types\/page"}],"author":[{"embeddable":true,"href":"https:\/\/energysciencefortomorrow.ch\/de\/wp-json\/wp\/v2\/users\/1"}],"replies":[{"embeddable":true,"href":"https:\/\/energysciencefortomorrow.ch\/de\/wp-json\/wp\/v2\/comments?post=31502"}],"version-history":[{"count":6,"href":"https:\/\/energysciencefortomorrow.ch\/de\/wp-json\/wp\/v2\/pages\/31502\/revisions"}],"predecessor-version":[{"id":32643,"href":"https:\/\/energysciencefortomorrow.ch\/de\/wp-json\/wp\/v2\/pages\/31502\/revisions\/32643"}],"wp:attachment":[{"href":"https:\/\/energysciencefortomorrow.ch\/de\/wp-json\/wp\/v2\/media?parent=31502"}],"curies":[{"name":"wp","href":"https:\/\/api.w.org\/{rel}","templated":true}]}}